{"id":2,"date":"2016-01-20T16:01:41","date_gmt":"2016-01-20T15:01:41","guid":{"rendered":"https:\/\/tingstadmaleri.se\/?page_id=2"},"modified":"2026-03-24T11:32:04","modified_gmt":"2026-03-24T10:32:04","slug":"exempelsida","status":"publish","type":"page","link":"https:\/\/tingstadmaleri.se\/","title":{"rendered":"V\u00e4lkommen"},"content":{"rendered":"<p>Tingstad m\u00e5leri utf\u00f6r h\u00f6gkvalitativ m\u00e5lning till b\u00e5de bost\u00e4der och kommersiella kunder \u00f6ver hela\u00a0V\u00e4stra G\u00f6talands regionen. Bland v\u00e5ra kunder finns:<\/p>\n<ul>\n<li>Kommuner<\/li>\n<li>Fastighets\u00e4gare<\/li>\n<li>Byggherrar<\/li>\n<li>Byggf\u00f6retag<\/li>\n<li>Hus\u00e4gare<\/li>\n<\/ul>\n<p>Vi \u00e4r stolta \u00f6ver v\u00e5r personliga service vilket\u00a0\u00e5terspeglas i tillv\u00e4xten av v\u00e5r verksamhet och v\u00e5ra n\u00f6jda kunder.<\/p>\n<p>Vi utf\u00f6r all typ av m\u00e5lning och har m\u00e5ng\u00e5rig kompetens inom total projektledning och helhetsl\u00f6sningar.<\/p>\n<p><strong>Kvalitet<\/strong> &#8211; v\u00e5ra hantverkare \u00e4r n\u00e5gra av de mest erfarna i branschen. Detta s\u00e4kerst\u00e4ller att alla v\u00e5ra projekt inkluderar noggranna f\u00f6rberedelser, utf\u00f6rande\u00a0och inspektioner. Vi anv\u00e4nder\u00a0endast kvalitetsprodukter, som inkluderar full teknisk support fr\u00e5n f\u00e4rgtillverkare.<\/p>\n<p><strong>Professionalism<\/strong> &#8211; v\u00e5rt utbildade team \u00a0ser till att v\u00e5ra projekt \u00f6verensst\u00e4mmer\u00a0med tid, omfattning och budget. Vi \u00e4r effektiva n\u00e4r vi \u00e4r p\u00e5 plats och l\u00e4mnar arbetsplatsen\u00a0snyggt vid f\u00e4rdigst\u00e4llandet.<\/p>\n<p><strong>Tillf\u00f6rlitlighet<\/strong> &#8211; Vi har m\u00f6jlighet att noggrant uppskatta tiden som beh\u00f6vs f\u00f6r det arbete som du vill f\u00e5 utf\u00f6rt. V\u00e4l p\u00e5 plats kommer vi att arbeta effektivt f\u00f6r att m\u00f6ta dessa tidsramar. Vi g\u00f6r vad vi s\u00e4ger att vi kommer att g\u00f6ra.\u00a0Vi svarar snabbt p\u00e5 eventuella problem som kan uppst\u00e5, eller n\u00e5got extra arbete som kan kr\u00e4vas.<\/p>\n<p><strong>S\u00e4kerhet<\/strong> &#8211; Vi \u00e4r mycket noga med att se till att alla v\u00e5ra arbetsplatser\u00a0\u00e4r s\u00e4kra och f\u00f6ljer alla s\u00e4kerhetsriktlinjer och rutiner . V\u00e5r personal \u00e4r utbildade i att anv\u00e4nda och avl\u00e4gsna farliga produkter och kommer att f\u00f6rfoga \u00f6ver dessa material p\u00e5 ett s\u00e4kert s\u00e4tt. Vi \u00e4r certifierade enligt f\u00f6ljande:<\/p>\n<ul>\n<li>ISO 9001<\/li>\n<li>ISO 14001<\/li>\n<li>ISO 45001<\/li>\n<\/ul>\n","protected":false},"excerpt":{"rendered":"<p>Tingstad m\u00e5leri utf\u00f6r h\u00f6gkvalitativ m\u00e5lning till b\u00e5de bost\u00e4der och kommersiella kunder \u00f6ver hela\u00a0V\u00e4stra G\u00f6talands regionen. Bland v\u00e5ra kunder finns: Kommuner Fastighets\u00e4gare Byggherrar Byggf\u00f6retag Hus\u00e4gare Vi \u00e4r stolta \u00f6ver v\u00e5r personliga service vilket\u00a0\u00e5terspeglas i tillv\u00e4xten av v\u00e5r verksamhet och v\u00e5ra n\u00f6jda kunder. Vi utf\u00f6r all typ av m\u00e5lning och har m\u00e5ng\u00e5rig kompetens inom total projektledning och &hellip; <a href=\"https:\/\/tingstadmaleri.se\/\" class=\"more-link\">Forts\u00e4tt l\u00e4sa<span class=\"screen-reader-text\"> \u201dV\u00e4lkommen\u201d<\/span><\/a><\/p>\n","protected":false},"author":1,"featured_media":0,"parent":0,"menu_order":0,"comment_status":"closed","ping_status":"open","template":"","meta":{"footnotes":""},"class_list":["post-2","page","type-page","status-publish","hentry"],"_links":{"self":[{"href":"https:\/\/tingstadmaleri.se\/index.php?rest_route=\/wp\/v2\/pages\/2","targetHints":{"allow":["GET"]}}],"collection":[{"href":"https:\/\/tingstadmaleri.se\/index.php?rest_route=\/wp\/v2\/pages"}],"about":[{"href":"https:\/\/tingstadmaleri.se\/index.php?rest_route=\/wp\/v2\/types\/page"}],"author":[{"embeddable":true,"href":"https:\/\/tingstadmaleri.se\/index.php?rest_route=\/wp\/v2\/users\/1"}],"replies":[{"embeddable":true,"href":"https:\/\/tingstadmaleri.se\/index.php?rest_route=%2Fwp%2Fv2%2Fcomments&post=2"}],"version-history":[{"count":8,"href":"https:\/\/tingstadmaleri.se\/index.php?rest_route=\/wp\/v2\/pages\/2\/revisions"}],"predecessor-version":[{"id":39,"href":"https:\/\/tingstadmaleri.se\/index.php?rest_route=\/wp\/v2\/pages\/2\/revisions\/39"}],"wp:attachment":[{"href":"https:\/\/tingstadmaleri.se\/index.php?rest_route=%2Fwp%2Fv2%2Fmedia&parent=2"}],"curies":[{"name":"wp","href":"https:\/\/api.w.org\/{rel}","templated":true}]}}